{"id":1831,"date":"2025-03-30T01:33:38","date_gmt":"2025-03-30T00:33:38","guid":{"rendered":"https:\/\/jphome.eu\/legal\/"},"modified":"2025-09-17T10:55:47","modified_gmt":"2025-09-17T08:55:47","slug":"legal","status":"publish","type":"page","link":"https:\/\/jphome.eu\/es\/legal\/","title":{"rendered":"Legal"},"content":{"rendered":"\t\t<div data-elementor-type=\"wp-page\" data-elementor-id=\"1831\" class=\"elementor elementor-1831 elementor-404\" data-elementor-post-type=\"page\">\n\t\t\t\t<div class=\"elementor-element elementor-element-ac36ae0 e-flex e-con-boxed e-con e-parent\" data-id=\"ac36ae0\" data-element_type=\"container\" data-e-type=\"container\">\n\t\t\t\t\t<div class=\"e-con-inner\">\n\t\t\t\t<div class=\"elementor-element elementor-element-3bfeb8c elementor-widget elementor-widget-text-editor\" data-id=\"3bfeb8c\" data-element_type=\"widget\" data-e-type=\"widget\" data-widget_type=\"text-editor.default\">\n\t\t\t\t<div class=\"elementor-widget-container\">\n\t\t\t\t\t\t\t\t\t<p class=\"p1\">AVISO LEGAL<\/p><p><strong>A partir del 30\/03\/2025<\/strong><\/p><p>De conformidad con lo dispuesto en los art\u00edculos <strong>6-III y 19<\/strong> de la <strong>Ley n.\u00ba 2004-575 de 21 de junio de 2004<\/strong> sobre la Confianza en la Econom\u00eda Digital (<strong>LCEN),<\/strong> se informa a los usuarios y visitantes del <a href=\"https:\/\/jphome.eu\/es\/\">sitio web https:\/\/jphome.eu\/<\/a> (en adelante, \u00abel Sitio\u00bb) de estos avisos legales.<\/p><p>La conexi\u00f3n y navegaci\u00f3n por el Sitio Web por parte del usuario (en adelante, el \u00abUsuario\u00bb) implica la aceptaci\u00f3n plena y sin reservas del presente aviso legal.<\/p><p>Estos est\u00e1n disponibles en el Sitio bajo el <strong>t\u00edtulo \u00abAvisos legales\u00bb.<\/strong><\/p><p><strong>ART\u00cdCULO 1 \u2013 EDITOR<\/strong><\/p><p>La publicaci\u00f3n y gesti\u00f3n de la publicaci\u00f3n del Sitio Web son llevadas a cabo por <strong>JP HOME,<\/strong> con un <strong>capital social de 2.234.112 <\/strong><strong>euros<\/strong>, inscrita en el Registro Mercantil de ROMANS con el n\u00famero 333 784 676, cuyo domicilio social se encuentra en:<\/p><p>\ud83d\udccd <strong>335 avenue Raymond Pavon, 26260 Saint-Donat-sur-l&#8217;Herbasse<\/strong><br \/>\ud83d\udcde <strong>Tel\u00e9fono<\/strong> : +33 2 54 55 47 57<br \/>\u2709\ufe0f <strong>Direcci\u00f3n de correo electr\u00f3nico<\/strong> : jphome@perrenot.eu<br \/>\ud83d\udccc <strong>N\u00famero de IVA intracomunitario<\/strong> : FR51 333 784 676<\/p><p>El Director de Publicaci\u00f3n es el Departamento de Comunicaci\u00f3n del Grupo Perrenot (en adelante, el Editor)<\/p><p><strong>ART\u00cdCULO 2 \u2013 ANFITRI\u00d3N<\/strong><\/p><p>El Sitio est\u00e1 alojado por <strong>Antonio Moreno<\/strong>, cuyo domicilio social se encuentra en:<\/p><p>\ud83d\udccd <strong>Espa\u00f1a: <\/strong>C. del Dr. Alcay, 16, Bajos Loc.1, 50006 Zaragoza<br \/>\ud83d\udcde <strong>Tel\u00e9fono<\/strong> : +34 652803426<br \/>\u2709\ufe0f <strong>Correo electr\u00f3nico de contacto<\/strong> : anto@antomoreno.com<br \/>\ud83c\udf0d <strong>Sitio web<\/strong> : antomoreno.com<\/p><p><strong>ART\u00cdCULO 3 \u2013 ACCESO AL SITIO<\/strong><\/p><p>El Sitio es accesible las 24 horas del d\u00eda, los 7 d\u00edas de la semana, excepto en caso de <strong>fuerza mayor<\/strong>, <strong>interrupci\u00f3n programada o no programada<\/strong> por razones de <strong>mantenimiento<\/strong>.<\/p><p>En caso de modificaci\u00f3n, interrupci\u00f3n o suspensi\u00f3n del Sitio, el Editor no se hace responsable.<\/p><p><strong>ART\u00cdCULO 4 \u2013 RECOGIDA DE DATOS PERSONALES Y COOKIES<\/strong><\/p><ol><li><strong> Recogida y tratamiento de datos personales<\/strong><\/li><\/ol><p>El Sitio garantiza que el Usuario recopile y procese <strong>datos personales<\/strong> de manera que se respete la privacidad, de acuerdo con:<\/p><ul><li><strong>Ley N\u00ba 78-17, de 6 de enero de 1978<\/strong>, modificada, relativa a la inform\u00e1tica, los archivos y las libertades<\/li><li>y el <strong>Reglamento General de Protecci\u00f3n de Datos (RGPD) n.\u00ba 2016\/679<\/strong> , de 27 de abril de 2016.<\/li><\/ul><p>El Usuario tiene los siguientes derechos sobre sus datos:<br \/>\u2705 <strong>Derecho de acceso<\/strong><br \/>\u2705 <strong>Derecho de rectificaci\u00f3n<\/strong><br \/>\u2705 <strong>Derecho de supresi\u00f3n<\/strong><br \/>\u2705 <strong>Derecho de oposici\u00f3n<\/strong><br \/>\u2705 <strong>Derecho a la portabilidad de los datos<\/strong><br \/>\u2705 <strong>Derecho a la limitaci\u00f3n del tratamiento<\/strong><\/p><p>Para ejercer estos derechos, el Usuario puede ponerse en contacto con el Editor en la siguiente direcci\u00f3n:<br \/>\ud83d\udce7 <strong>Correo electr\u00f3nico<\/strong> : rgpd@perrenot.eu<\/p><p>En caso de reclamaci\u00f3n, el Usuario puede <strong>dirigirse a la CNIL a<\/strong> trav\u00e9s de <a href=\"https:\/\/www.cnil.fr\/\">www.cnil.fr<\/a>.<\/p><ol start=\"2\"><li><strong> Pol\u00edtica de cookies<\/strong><\/li><\/ol><p>Al navegar por el Sitio, se pueden colocar <strong>cookies<\/strong> en el dispositivo del Usuario.<\/p><p>De acuerdo con las recomendaciones de la <strong>CNIL<\/strong>, <strong>el Usuario est\u00e1 informado y debe dar su consentimiento expl\u00edcito<\/strong> para el uso de las siguientes cookies:<\/p><ul><li><strong>Cookies anal\u00edticas<\/strong> : para medir la audiencia del Sitio<\/li><li><strong>Cookies publicitarias<\/strong> : para personalizar los anuncios<\/li><li><strong>Compartir cookies<\/strong> : para redes sociales<\/li><\/ul><p>El usuario puede <strong>aceptar o rechazar<\/strong> el uso de estas cookies a trav\u00e9s del <strong>banner de consentimiento<\/strong> que se muestra en la primera conexi\u00f3n.<\/p><p>\u2139\ufe0f <strong>Para obtener m\u00e1s informaci\u00f3n sobre nuestra gesti\u00f3n de las cookies<\/strong>, el Usuario puede consultar la <strong>Pol\u00edtica de Privacidad<\/strong> disponible en el Sitio.<\/p><p><strong>ART\u00cdCULO 5 \u2013 PROPIEDAD INTELECTUAL<\/strong><\/p><p>Todos los contenidos del Sitio (textos, im\u00e1genes, logotipos, v\u00eddeos, carta gr\u00e1fica, etc.) est\u00e1n <strong>protegidos por la ley de propiedad intelectual<\/strong> y son propiedad exclusiva de <strong>JP HOME,<\/strong> a menos que se indique lo contrario.<\/p><p>Cualquier <strong>uso, reproducci\u00f3n, distribuci\u00f3n, comercializaci\u00f3n o modificaci\u00f3n<\/strong> de la totalidad o parte del Sitio <strong>sin la autorizaci\u00f3n previa del Editor<\/strong> est\u00e1 prohibido y puede ser objeto de <strong>procedimientos legales<\/strong>, de acuerdo con <strong>las disposiciones del C\u00f3digo de la Propiedad Intelectual<\/strong> y del <strong>C\u00f3digo Civil<\/strong>.<\/p><p>Si el Usuario desea reutilizar cualquier contenido del Sitio, deber\u00e1 enviar una solicitud de autorizaci\u00f3n a <a href=\"mailto:jphome@perrenot.eu\">jphome@perrenot.eu<\/a> .<\/p><p><strong>ART\u00cdCULO 6 \u2013 RESPONSABILIDAD<\/strong><\/p><p>El Editor hace todo lo posible para proporcionar informaci\u00f3n <strong>precisa y actualizada<\/strong>, pero no se hace responsable en caso de:<\/p><ul><li>Error, omisi\u00f3n o inexactitud de la informaci\u00f3n disponible en el Sitio<\/li><li>Problema t\u00e9cnico <strong>que causa la interrupci\u00f3n<\/strong> del Sitio<\/li><li>Da\u00f1os directos o indirectos relacionados con el acceso o el uso del Sitio<\/li><\/ul><p>El Editor se reserva el derecho de <strong>modificar, suspender o eliminar<\/strong> la totalidad o parte del Sitio <strong>sin previo aviso<\/strong>.<\/p><p><strong>ART\u00cdCULO 7 \u2013 LEY APLICABLE Y JURISDICCI\u00d3N COMPETENTE<\/strong><\/p><p class=\"p1\">Las presentes condiciones generales de uso del sitio est\u00e1n sujetas a la legislaci\u00f3n francesa. En caso de litigio, los tribunales franceses ser\u00e1n los \u00fanicos competentes.<\/p><p><strong>ACTUALIZAR<\/strong><\/p><p>Este aviso legal se actualiz\u00f3 por \u00faltima vez <strong>el 30 de marzo de 2025<\/strong>.<\/p><p>El Editor se reserva el derecho de <strong>modificarlos en cualquier momento<\/strong> para garantizar su conformidad con la legislaci\u00f3n vigente.<\/p>\t\t\t\t\t\t\t\t<\/div>\n\t\t\t\t<\/div>\n\t\t\t\t\t<\/div>\n\t\t\t\t<\/div>\n\t\t\t\t<\/div>\n\t\t","protected":false},"excerpt":{"rendered":"<p>AVISO LEGAL A partir del 30\/03\/2025 De conformidad con lo dispuesto en los art\u00edculos 6-III y 19 de la Ley n.\u00ba 2004-575 de 21 de junio de 2004 sobre la Confianza en la Econom\u00eda Digital (LCEN), se informa a los usuarios y visitantes del sitio web https:\/\/jphome.eu\/ (en adelante, \u00abel Sitio\u00bb) de estos avisos legales. [&hellip;]<\/p>\n","protected":false},"author":1,"featured_media":0,"parent":0,"menu_order":0,"comment_status":"closed","ping_status":"closed","template":"","meta":{"inline_featured_image":false,"footnotes":""},"class_list":["post-1831","page","type-page","status-publish","hentry"],"_links":{"self":[{"href":"https:\/\/jphome.eu\/es\/wp-json\/wp\/v2\/pages\/1831","targetHints":{"allow":["GET"]}}],"collection":[{"href":"https:\/\/jphome.eu\/es\/wp-json\/wp\/v2\/pages"}],"about":[{"href":"https:\/\/jphome.eu\/es\/wp-json\/wp\/v2\/types\/page"}],"author":[{"embeddable":true,"href":"https:\/\/jphome.eu\/es\/wp-json\/wp\/v2\/users\/1"}],"replies":[{"embeddable":true,"href":"https:\/\/jphome.eu\/es\/wp-json\/wp\/v2\/comments?post=1831"}],"version-history":[{"count":4,"href":"https:\/\/jphome.eu\/es\/wp-json\/wp\/v2\/pages\/1831\/revisions"}],"predecessor-version":[{"id":1952,"href":"https:\/\/jphome.eu\/es\/wp-json\/wp\/v2\/pages\/1831\/revisions\/1952"}],"wp:attachment":[{"href":"https:\/\/jphome.eu\/es\/wp-json\/wp\/v2\/media?parent=1831"}],"curies":[{"name":"wp","href":"https:\/\/api.w.org\/{rel}","templated":true}]}}